{"id":2,"date":"2020-03-14T00:38:16","date_gmt":"2020-03-14T00:38:16","guid":{"rendered":"http:\/\/primeschool.pl\/agatakowalska\/?page_id=2"},"modified":"2022-02-03T10:19:01","modified_gmt":"2022-02-03T10:19:01","slug":"sample-page","status":"publish","type":"page","link":"https:\/\/primeschool.pl\/agatakowalska\/","title":{"rendered":"Agata Kowalska"},"content":{"rendered":"\n<div class=\"wp-block-image is-style-rounded\"><figure class=\"aligncenter size-thumbnail\"><img loading=\"lazy\" decoding=\"async\" width=\"150\" height=\"150\" src=\"https:\/\/primeschool.pl\/agatakowalska\/wp-content\/uploads\/2021\/10\/AK-1007x1024-1-150x150.jpg\" alt=\"\" class=\"wp-image-4121\"\/><\/figure><\/div>\n\n\n\n<h3 class=\"has-text-align-center tw-mb-1 has-h-5-font-size wp-block-heading\">Agata Kowalska<\/h3>\n\n\n\n<p class=\"has-text-align-center has-accent-color has-text-color has-small-font-size\"><strong>Lektor<\/strong><\/p>\n\n\n\n<p class=\"has-text-align-center\">Zapraszam na zaj\u0119cia zdalne. Link do spotkania i materia\u0142y znajdziesz poni\u017cej.<\/p>\n\n\n\n<div class=\"wp-block-buttons is-content-justification-center is-layout-flex wp-block-buttons-is-layout-flex\">\n<div class=\"wp-block-button\"><a class=\"wp-block-button__link\" href=\"#materialy\">dalej<\/a><\/div>\n<\/div>\n\n\n\n<div style=\"height:1px\" aria-hidden=\"true\" id=\"materialy\" class=\"wp-block-spacer\"><\/div>\n\n\n\n<h4 class=\"has-text-align-center wp-block-heading\">Spotkania i materia\u0142y<\/h4>\n\n\n<ul class=\"wp-block-latest-posts__list is-grid columns-4 wp-block-latest-posts\"><\/ul>\n\n\n<h4 class=\"has-text-align-center wp-block-heading\">Grupy<\/h4>\n\n\n<ul class=\"wp-block-categories-list wp-block-categories\"><li class=\"cat-item-none\">Brak kategorii<\/li><\/ul>\n\n\n<p><\/p>\n","protected":false},"excerpt":{"rendered":"<p>Agata Kowalska Lektor Zapraszam na zaj\u0119cia zdalne. Link do spotkania i materia\u0142y znajdziesz poni\u017cej. Spotkania i materia\u0142y Grupy<\/p>\n","protected":false},"author":1,"featured_media":4119,"parent":0,"menu_order":0,"comment_status":"closed","ping_status":"open","template":"","meta":{"footnotes":""},"class_list":["post-2","page","type-page","status-publish","has-post-thumbnail","hentry"],"_links":{"self":[{"href":"https:\/\/primeschool.pl\/agatakowalska\/index.php?rest_route=\/wp\/v2\/pages\/2"}],"collection":[{"href":"https:\/\/primeschool.pl\/agatakowalska\/index.php?rest_route=\/wp\/v2\/pages"}],"about":[{"href":"https:\/\/primeschool.pl\/agatakowalska\/index.php?rest_route=\/wp\/v2\/types\/page"}],"author":[{"embeddable":true,"href":"https:\/\/primeschool.pl\/agatakowalska\/index.php?rest_route=\/wp\/v2\/users\/1"}],"replies":[{"embeddable":true,"href":"https:\/\/primeschool.pl\/agatakowalska\/index.php?rest_route=%2Fwp%2Fv2%2Fcomments&post=2"}],"version-history":[{"count":22,"href":"https:\/\/primeschool.pl\/agatakowalska\/index.php?rest_route=\/wp\/v2\/pages\/2\/revisions"}],"predecessor-version":[{"id":4858,"href":"https:\/\/primeschool.pl\/agatakowalska\/index.php?rest_route=\/wp\/v2\/pages\/2\/revisions\/4858"}],"wp:featuredmedia":[{"embeddable":true,"href":"https:\/\/primeschool.pl\/agatakowalska\/index.php?rest_route=\/wp\/v2\/media\/4119"}],"wp:attachment":[{"href":"https:\/\/primeschool.pl\/agatakowalska\/index.php?rest_route=%2Fwp%2Fv2%2Fmedia&parent=2"}],"curies":[{"name":"wp","href":"https:\/\/api.w.org\/{rel}","templated":true}]}}